{"id":1253,"date":"2013-06-23T14:44:13","date_gmt":"2013-06-23T11:44:13","guid":{"rendered":"http:\/\/www.hvtd.org\/?page_id=1253"},"modified":"2023-09-14T09:20:57","modified_gmt":"2023-09-14T06:20:57","slug":"ucus-hekimligi-kursu","status":"publish","type":"page","link":"https:\/\/www.hvtd.org\/?page_id=1253","title":{"rendered":"U\u00e7u\u015f Hekimli\u011fi Kursu"},"content":{"rendered":"<p><span data-contrast=\"auto\">U\u00e7u\u015f hekimli\u011fi kursu (Derne\u011fimiz taraf\u0131ndan de\u011fil) Sa\u011fl\u0131k Bakanl\u0131\u011f\u0131 taraf\u0131ndan d\u00fczenleniyor. Kurs s\u00fcresi 5 haftad\u0131r; bir havac\u0131l\u0131k kurulu\u015funda u\u00e7u\u015f hekimi olarak \u00e7al\u0131\u015fmaya devam etmek i\u00e7in 3 y\u0131lda bir tazeleme e\u011fitimi almak gerekiyor. \u0130htiya\u00e7 duyuldu\u011funda a\u00e7\u0131lmakta olan bu kursun yap\u0131laca\u011f\u0131n\u0131 haber ald\u0131\u011f\u0131m\u0131zda \u00fcyelerimize ve ilgilenenlere Derne\u011fimizin yay\u0131n organ\u0131 olan Havac\u0131l\u0131k T\u0131bb\u0131 B\u00fclteni arac\u0131l\u0131\u011f\u0131yla bilgi veriyoruz. Ayr\u0131ca sitemizden ve sosyal medya hesaplar\u0131m\u0131zdan duyuruyoruz ve \u00fcyelerimize de e-posta g\u00f6nderiyoruz. Yak\u0131n zamanda kurs a\u00e7\u0131l\u0131rsa ayn\u0131 yollardan bilgilendirme yap\u0131lacakt\u0131r.<\/span><span data-ccp-props=\"{&quot;201341983&quot;:0,&quot;335559739&quot;:0,&quot;335559740&quot;:240}\">\u00a0<\/span><\/p>\n<p><span data-ccp-props=\"{&quot;201341983&quot;:0,&quot;335559739&quot;:0,&quot;335559740&quot;:240}\">\u00a0<\/span><\/p>\n<p><span data-contrast=\"auto\">Kursta u\u00e7u\u015f fizyolojisi, u\u00e7u\u015f psikolojisi, havac\u0131l\u0131k ve uzay t\u0131bb\u0131n\u0131n genel konular\u0131nda kapsaml\u0131 dersler yan\u0131nda; bunlar\u0131n uygulamas\u0131 mahiyetinde bir sorti u\u00e7u\u015f yap\u0131lmakta, fizyolojik e\u011fitim cihazlar\u0131nda uygulamal\u0131 e\u011fitimler (hipoksi, vertigo, gece g\u00f6r\u00fc\u015f) verilmektedir. Ayr\u0131ca kurs s\u0131ras\u0131nda baz\u0131 askeri ve sivil havac\u0131l\u0131k kurum ve tesislerine gezi tertiplenmektedir.<\/span><span data-ccp-props=\"{&quot;201341983&quot;:0,&quot;335559739&quot;:0,&quot;335559740&quot;:240}\">\u00a0<\/span><\/p>\n<p><span data-ccp-props=\"{&quot;201341983&quot;:0,&quot;335559739&quot;:0,&quot;335559740&quot;:240}\">\u00a0<\/span><\/p>\n<p><span data-contrast=\"auto\">Bu kurs sayesinde \u201cU\u00e7u\u015f Doktorlu\u011fu\u201d ya da \u201cAME\u201d (Aeromedical Examiner) sertifikas\u0131 kazan\u0131lm\u0131\u015f olunmaktad\u0131r. Bu sertifika, pilotaj muayenesi yapmakta olan yetkili hastanelerde g\u00f6rev almak isteyenler i\u00e7in gereklidir. Havac\u0131l\u0131k T\u0131bb\u0131 Derne\u011fi olarak u\u00e7u\u015f doktorlu\u011fu stat\u00fcs\u00fcn\u00fcn g\u00f6rev alan\u0131n\u0131 geni\u015fletme \u00e7abas\u0131 i\u00e7indeyiz. B\u00fcy\u00fck havac\u0131l\u0131k \u015firketleri, u\u00e7u\u015f okullar\u0131 ve hava ambulans hizmeti veren kurulu\u015flarda bu sertifikas\u0131 olmayan hekimlerin g\u00f6rev yapamamas\u0131 gerekti\u011fini vurguluyor ve bu y\u00f6nde y\u00f6nerge de\u011fi\u015fikli\u011fi \u00f6nermekteyiz.<\/span><span data-ccp-props=\"{&quot;201341983&quot;:0,&quot;335559739&quot;:0,&quot;335559740&quot;:240}\">\u00a0<\/span><\/p>\n","protected":false},"excerpt":{"rendered":"<p>U\u00e7u\u015f hekimli\u011fi kursu (Derne\u011fimiz taraf\u0131ndan de\u011fil) Sa\u011fl\u0131k Bakanl\u0131\u011f\u0131 taraf\u0131ndan d\u00fczenleniyor. Kurs s\u00fcresi 5 haftad\u0131r; bir havac\u0131l\u0131k kurulu\u015funda u\u00e7u\u015f hekimi olarak \u00e7al\u0131\u015fmaya devam etmek i\u00e7in 3 y\u0131lda bir tazeleme e\u011fitimi almak gerekiyor. \u0130htiya\u00e7 duyuldu\u011funda a\u00e7\u0131lmakta olan bu kursun yap\u0131laca\u011f\u0131n\u0131 haber ald\u0131\u011f\u0131m\u0131zda \u00fcyelerimize ve ilgilenenlere Derne\u011fimizin yay\u0131n organ\u0131 olan Havac\u0131l\u0131k T\u0131bb\u0131 B\u00fclteni arac\u0131l\u0131\u011f\u0131yla bilgi veriyoruz. Ayr\u0131ca sitemizden ve sosyal medya hesaplar\u0131m\u0131zdan duyuruyoruz [&hellip;]<\/p>\n","protected":false},"author":1,"featured_media":0,"parent":0,"menu_order":0,"comment_status":"open","ping_status":"open","template":"","meta":{"_eb_attr":"","footnotes":""},"class_list":["post-1253","page","type-page","status-publish","hentry"],"jetpack_sharing_enabled":true,"jetpack-related-posts":[],"_links":{"self":[{"href":"https:\/\/www.hvtd.org\/index.php?rest_route=\/wp\/v2\/pages\/1253","targetHints":{"allow":["GET"]}}],"collection":[{"href":"https:\/\/www.hvtd.org\/index.php?rest_route=\/wp\/v2\/pages"}],"about":[{"href":"https:\/\/www.hvtd.org\/index.php?rest_route=\/wp\/v2\/types\/page"}],"author":[{"embeddable":true,"href":"https:\/\/www.hvtd.org\/index.php?rest_route=\/wp\/v2\/users\/1"}],"replies":[{"embeddable":true,"href":"https:\/\/www.hvtd.org\/index.php?rest_route=%2Fwp%2Fv2%2Fcomments&post=1253"}],"version-history":[{"count":6,"href":"https:\/\/www.hvtd.org\/index.php?rest_route=\/wp\/v2\/pages\/1253\/revisions"}],"predecessor-version":[{"id":3549,"href":"https:\/\/www.hvtd.org\/index.php?rest_route=\/wp\/v2\/pages\/1253\/revisions\/3549"}],"wp:attachment":[{"href":"https:\/\/www.hvtd.org\/index.php?rest_route=%2Fwp%2Fv2%2Fmedia&parent=1253"}],"curies":[{"name":"wp","href":"https:\/\/api.w.org\/{rel}","templated":true}]}}