{"id":2652,"date":"2017-12-21T14:44:15","date_gmt":"2017-12-21T11:44:15","guid":{"rendered":"http:\/\/www.hvtd.org\/?page_id=2652"},"modified":"2026-04-22T21:04:39","modified_gmt":"2026-04-22T18:04:39","slug":"2652-2","status":"publish","type":"page","link":"https:\/\/www.hvtd.org\/?page_id=2652","title":{"rendered":""},"content":{"rendered":"<h1 class=\"title\"><a title=\"Permanent Link to Y\u00f6netim Kurulu\" href=\"http:\/\/www.hvtd.org\/?page_id=58\" rel=\"bookmark\">Y\u00f6netim Kurulu<\/a><\/h1>\n<div class=\"entry\">\n<p><strong>Y\u00f6netim Kurulu Asil<\/strong>: Muzaffer \u00c7eting\u00fc\u00e7, Hasan F.T\u00f6re, H\u00fcsn\u00fc Onu\u015f, Mustafa Morkoyun, A.Ar\u0131n\u00e7 S\u00f6nmez.<\/p>\n<p><strong>Y\u00f6netim Kurulu Yedek<\/strong>: \u0130rfan Y. Baysal, Co\u015fkun Zaim, Sava\u015f \u0130lbasm\u0131\u015f, H\u00fclya D. Yedikarda\u015flar, \u00d6zlem \u00c7. \u00d6zeren.<\/p>\n<p><strong>Denetim Kurulu Asil<\/strong>: Aytekin Top\u00e7u, Bedri Bama\u00e7, A.Murat \u00d6zer.<\/p>\n<p><strong>Denetim Kurulu Yedek<\/strong>: M.Ali Erku\u015f, G\u00fcnhan Alano\u011flu, Faruk Ild\u0131z.<\/p>\n<\/div>\n","protected":false},"excerpt":{"rendered":"<p>Y\u00f6netim Kurulu Y\u00f6netim Kurulu Asil: Muzaffer \u00c7eting\u00fc\u00e7, Hasan F.T\u00f6re, H\u00fcsn\u00fc Onu\u015f, Mustafa Morkoyun, A.Ar\u0131n\u00e7 S\u00f6nmez. Y\u00f6netim Kurulu Yedek: \u0130rfan Y. Baysal, Co\u015fkun Zaim, Sava\u015f \u0130lbasm\u0131\u015f, H\u00fclya D. Yedikarda\u015flar, \u00d6zlem \u00c7. \u00d6zeren. Denetim Kurulu Asil: Aytekin Top\u00e7u, Bedri Bama\u00e7, A.Murat \u00d6zer. Denetim Kurulu Yedek: M.Ali Erku\u015f, G\u00fcnhan Alano\u011flu, Faruk Ild\u0131z.<\/p>\n","protected":false},"author":1,"featured_media":0,"parent":0,"menu_order":0,"comment_status":"closed","ping_status":"closed","template":"","meta":{"_eb_attr":"","footnotes":""},"class_list":["post-2652","page","type-page","status-publish","hentry"],"jetpack_sharing_enabled":true,"jetpack-related-posts":[],"_links":{"self":[{"href":"https:\/\/www.hvtd.org\/index.php?rest_route=\/wp\/v2\/pages\/2652","targetHints":{"allow":["GET"]}}],"collection":[{"href":"https:\/\/www.hvtd.org\/index.php?rest_route=\/wp\/v2\/pages"}],"about":[{"href":"https:\/\/www.hvtd.org\/index.php?rest_route=\/wp\/v2\/types\/page"}],"author":[{"embeddable":true,"href":"https:\/\/www.hvtd.org\/index.php?rest_route=\/wp\/v2\/users\/1"}],"replies":[{"embeddable":true,"href":"https:\/\/www.hvtd.org\/index.php?rest_route=%2Fwp%2Fv2%2Fcomments&post=2652"}],"version-history":[{"count":6,"href":"https:\/\/www.hvtd.org\/index.php?rest_route=\/wp\/v2\/pages\/2652\/revisions"}],"predecessor-version":[{"id":4005,"href":"https:\/\/www.hvtd.org\/index.php?rest_route=\/wp\/v2\/pages\/2652\/revisions\/4005"}],"wp:attachment":[{"href":"https:\/\/www.hvtd.org\/index.php?rest_route=%2Fwp%2Fv2%2Fmedia&parent=2652"}],"curies":[{"name":"wp","href":"https:\/\/api.w.org\/{rel}","templated":true}]}}