{"id":2658,"date":"2018-01-07T18:00:32","date_gmt":"2018-01-07T15:00:32","guid":{"rendered":"http:\/\/www.hvtd.org\/?page_id=2658"},"modified":"2025-05-30T11:26:46","modified_gmt":"2025-05-30T08:26:46","slug":"uyelik-basvurusu-2","status":"publish","type":"page","link":"https:\/\/www.hvtd.org\/?page_id=2658","title":{"rendered":"\u00dcyelik Ba\u015fvurusu"},"content":{"rendered":"\n<div class=\"wpcf7 no-js\" id=\"wpcf7-f1999-o1\" lang=\"tr-TR\" dir=\"ltr\" data-wpcf7-id=\"1999\">\n<div class=\"screen-reader-response\"><p role=\"status\" aria-live=\"polite\" aria-atomic=\"true\"><\/p> <ul><\/ul><\/div>\n<form action=\"\/index.php?rest_route=%2Fwp%2Fv2%2Fpages%2F2658#wpcf7-f1999-o1\" method=\"post\" class=\"wpcf7-form init\" aria-label=\"\u0130leti\u015fim Formu\" novalidate=\"novalidate\" data-status=\"init\">\n<fieldset class=\"hidden-fields-container\"><input type=\"hidden\" name=\"_wpcf7\" value=\"1999\" \/><input type=\"hidden\" name=\"_wpcf7_version\" value=\"6.1.5\" \/><input type=\"hidden\" name=\"_wpcf7_locale\" value=\"tr_TR\" \/><input type=\"hidden\" name=\"_wpcf7_unit_tag\" value=\"wpcf7-f1999-o1\" \/><input type=\"hidden\" name=\"_wpcf7_container_post\" value=\"0\" \/><input type=\"hidden\" name=\"_wpcf7_posted_data_hash\" value=\"\" \/>\n<\/fieldset>\n<p><label>Ad\u0131n\u0131z ve Soyad\u0131n\u0131z (gerekli)<br \/>\n<span class=\"wpcf7-form-control-wrap\" data-name=\"your-name\"><input size=\"40\" maxlength=\"400\" class=\"wpcf7-form-control wpcf7-text wpcf7-validates-as-required\" aria-required=\"true\" aria-invalid=\"false\" value=\"\" type=\"text\" name=\"your-name\" \/><\/span> <\/label>\n<\/p>\n<p>Cinsiyetiniz (gerekli)<br \/>\n<span class=\"wpcf7-form-control-wrap\" data-name=\"radio-923\"><span class=\"wpcf7-form-control wpcf7-radio\"><span class=\"wpcf7-list-item first\"><input type=\"radio\" name=\"radio-923\" value=\"Kad\u0131n\" \/><span class=\"wpcf7-list-item-label\">Kad\u0131n<\/span><\/span><span class=\"wpcf7-list-item last\"><input type=\"radio\" name=\"radio-923\" value=\"Erkek\" \/><span class=\"wpcf7-list-item-label\">Erkek<\/span><\/span><\/span><\/span>\n<\/p>\n<p><label>TC Kimlik No (gerekli)<br \/>\n<span class=\"wpcf7-form-control-wrap\" data-name=\"text-727\"><input size=\"40\" maxlength=\"11\" class=\"wpcf7-form-control wpcf7-text wpcf7-validates-as-required\" aria-required=\"true\" aria-invalid=\"false\" value=\"\" type=\"text\" name=\"text-727\" \/><\/span><\/label>\n<\/p>\n<p><label>Do\u011fum tarihiniz G\u00fcn\/Ay\/Y\u0131l (gerekli)<br \/>\n<span class=\"wpcf7-form-control-wrap\" data-name=\"text-995\"><input size=\"40\" maxlength=\"12\" minlength=\"6\" class=\"wpcf7-form-control wpcf7-text wpcf7-validates-as-required\" aria-required=\"true\" aria-invalid=\"false\" value=\"\" type=\"text\" name=\"text-995\" \/><\/span><br \/>\n<\/label>\n<\/p>\n<p><label>Epostan\u0131z (gerekli)<br \/>\n<span class=\"wpcf7-form-control-wrap\" data-name=\"your-email\"><input size=\"40\" maxlength=\"400\" class=\"wpcf7-form-control wpcf7-email wpcf7-validates-as-required wpcf7-text wpcf7-validates-as-email\" aria-required=\"true\" aria-invalid=\"false\" value=\"\" type=\"email\" name=\"your-email\" \/><\/span> <\/label>\n<\/p>\n<p><label>Ev Adresiniz (gerekli)<br \/>\n<span class=\"wpcf7-form-control-wrap\" data-name=\"textarea-802\"><textarea cols=\"40\" rows=\"5\" maxlength=\"2000\" class=\"wpcf7-form-control wpcf7-textarea wpcf7-validates-as-required\" aria-required=\"true\" aria-invalid=\"false\" name=\"textarea-802\"><\/textarea><\/span> <\/label>\n<\/p>\n<p><label>Cep Telefonu (gerekli)<br \/>\n<span class=\"wpcf7-form-control-wrap\" data-name=\"tel-908\"><input size=\"40\" maxlength=\"11\" class=\"wpcf7-form-control wpcf7-tel wpcf7-validates-as-required wpcf7-text wpcf7-validates-as-tel\" aria-required=\"true\" aria-invalid=\"false\" value=\"\" type=\"tel\" name=\"tel-908\" \/><\/span><\/label>\n<\/p>\n<p><label>\u015eehir (gerekli)<br \/>\n<span class=\"wpcf7-form-control-wrap\" data-name=\"text-434\"><input size=\"40\" maxlength=\"400\" class=\"wpcf7-form-control wpcf7-text wpcf7-validates-as-required\" aria-required=\"true\" aria-invalid=\"false\" value=\"\" type=\"text\" name=\"text-434\" \/><\/span> <\/label>\n<\/p>\n<p><label>Meslek (gerekli)<br \/>\n<span class=\"wpcf7-form-control-wrap\" data-name=\"text-997\"><input size=\"40\" maxlength=\"400\" class=\"wpcf7-form-control wpcf7-text wpcf7-validates-as-required\" aria-required=\"true\" aria-invalid=\"false\" value=\"\" type=\"text\" name=\"text-997\" \/><\/span><\/label>\n<\/p>\n<p><label>\u00d6zge\u00e7mi\u015finiz (gerekli)<br \/>\n<span class=\"wpcf7-form-control-wrap\" data-name=\"textarea-526\"><textarea cols=\"40\" rows=\"10\" maxlength=\"2000\" class=\"wpcf7-form-control wpcf7-textarea wpcf7-validates-as-required\" aria-required=\"true\" aria-invalid=\"false\" name=\"textarea-526\"><\/textarea><\/span><\/label>\n<\/p>\n<p><input class=\"wpcf7-form-control wpcf7-submit has-spinner\" type=\"submit\" value=\"G\u00f6nder\" \/>\n<\/p><p style=\"display: none !important;\" class=\"akismet-fields-container\" data-prefix=\"_wpcf7_ak_\"><label>&#916;<textarea name=\"_wpcf7_ak_hp_textarea\" cols=\"45\" rows=\"8\" maxlength=\"100\"><\/textarea><\/label><input type=\"hidden\" id=\"ak_js_1\" name=\"_wpcf7_ak_js\" value=\"178\"\/><script type=\"text\/javascript\">\n\/* <![CDATA[ *\/\ndocument.getElementById( \"ak_js_1\" ).setAttribute( \"value\", ( new Date() ).getTime() );\n\/* ]]> *\/\n<\/script>\n<\/p><div class=\"wpcf7-response-output\" aria-hidden=\"true\"><\/div>\n<\/form>\n<\/div>\n\n<p>Yukar\u0131daki formu doldurup l\u00fctfen bize g\u00f6nderin. Ba\u015fvurunuz de\u011ferlendirilip size en k\u0131sa zamanda eposta ile d\u00f6n\u00fc\u015f yap\u0131lacakt\u0131r. \u00dcyeli\u011fe kabul edildi\u011finizi belirten bir eposta ald\u0131ktan sonra a\u015fa\u011f\u0131daki belgeleri ve i\u015flemleri yerine getirip alttaki adrese postalay\u0131n\u0131z.<\/p>\n<h1>\u00dcYEL\u0130K \u0130\u00c7\u0130N GEREKL\u0130 OLANLAR<\/h1>\n<p>1- 2 adet foto\u011fraf,<br \/>\n2- Diploma fotokopileri,<br \/>\n3- N\u00fcfus c\u00fczdan\u0131 fotokopisi,<br \/>\n4- \u00dcyelik ba\u015fvuru dilek\u00e7esi,<br \/>\n5- Banka dekontu ( Aidat y\u0131ll\u0131k 2000 TL),<\/p>\n<p>Ziraat Bankas\u0131 Porsuk \u015eb. ESK\u0130\u015eEH\u0130R<br \/>\nHavac\u0131l\u0131k T\u0131bb\u0131 Derne\u011fi Hesab\u0131<br \/>\nIBAN : TR98 0001 0012 4038 5516 6850 01<\/p>\n<p>BELGELER\u0130N G\u00d6NDER\u0130LECE\u011e\u0130 ADRES :<\/p>\n<p>Prof Dr Muzaffer \u00c7eting\u00fc\u00e7<\/p>\n<p>Orhangazi Mah. K\u00fcme Sok. Hisarpark Evleri. Park-2 C\/3 Eski\u015fehir<\/p>\n","protected":false},"excerpt":{"rendered":"<p>Yukar\u0131daki formu doldurup l\u00fctfen bize g\u00f6nderin. Ba\u015fvurunuz de\u011ferlendirilip size en k\u0131sa zamanda eposta ile d\u00f6n\u00fc\u015f yap\u0131lacakt\u0131r. \u00dcyeli\u011fe kabul edildi\u011finizi belirten bir eposta ald\u0131ktan sonra a\u015fa\u011f\u0131daki belgeleri ve i\u015flemleri yerine getirip alttaki adrese postalay\u0131n\u0131z. \u00dcYEL\u0130K \u0130\u00c7\u0130N GEREKL\u0130 OLANLAR 1- 2 adet foto\u011fraf, 2- Diploma fotokopileri, 3- N\u00fcfus c\u00fczdan\u0131 fotokopisi, 4- \u00dcyelik ba\u015fvuru dilek\u00e7esi, 5- Banka dekontu ( Aidat y\u0131ll\u0131k 2000 TL), [&hellip;]<\/p>\n","protected":false},"author":1,"featured_media":0,"parent":0,"menu_order":0,"comment_status":"closed","ping_status":"closed","template":"","meta":{"_eb_attr":"","footnotes":""},"class_list":["post-2658","page","type-page","status-publish","hentry"],"jetpack_sharing_enabled":true,"jetpack-related-posts":[],"_links":{"self":[{"href":"https:\/\/www.hvtd.org\/index.php?rest_route=\/wp\/v2\/pages\/2658","targetHints":{"allow":["GET"]}}],"collection":[{"href":"https:\/\/www.hvtd.org\/index.php?rest_route=\/wp\/v2\/pages"}],"about":[{"href":"https:\/\/www.hvtd.org\/index.php?rest_route=\/wp\/v2\/types\/page"}],"author":[{"embeddable":true,"href":"https:\/\/www.hvtd.org\/index.php?rest_route=\/wp\/v2\/users\/1"}],"replies":[{"embeddable":true,"href":"https:\/\/www.hvtd.org\/index.php?rest_route=%2Fwp%2Fv2%2Fcomments&post=2658"}],"version-history":[{"count":22,"href":"https:\/\/www.hvtd.org\/index.php?rest_route=\/wp\/v2\/pages\/2658\/revisions"}],"predecessor-version":[{"id":3881,"href":"https:\/\/www.hvtd.org\/index.php?rest_route=\/wp\/v2\/pages\/2658\/revisions\/3881"}],"wp:attachment":[{"href":"https:\/\/www.hvtd.org\/index.php?rest_route=%2Fwp%2Fv2%2Fmedia&parent=2658"}],"curies":[{"name":"wp","href":"https:\/\/api.w.org\/{rel}","templated":true}]}}