{"id":3196,"date":"2023-01-01T00:01:41","date_gmt":"2022-12-31T21:01:41","guid":{"rendered":"http:\/\/www.hvtd.org\/?page_id=3196"},"modified":"2025-12-31T23:49:12","modified_gmt":"2025-12-31T20:49:12","slug":"3196-2","status":"publish","type":"page","link":"https:\/\/www.hvtd.org\/?page_id=3196","title":{"rendered":"Havac\u0131l\u0131k T\u0131p Merkezleri U\u00e7ucu Muayenesi Taban \u00dccret Tarifeleri"},"content":{"rendered":"<p>Havac\u0131l\u0131k T\u0131bb\u0131 Derne\u011fi olarak; havac\u0131l\u0131k personeli sa\u011fl\u0131k kontrol\u00fcnde kaliteden tasarruf edilemeyece\u011fini; serbest piyasa usullerince kaba rekabet ve anormal fiyat indirimlerinin u\u00e7u\u015f emniyeti i\u00e7in risk unsuru oldu\u011funu d\u00fc\u015f\u00fcnmekteyiz. Havac\u0131l\u0131k sa\u011fl\u0131k muayenelerinin \u201cen iyi t\u0131bbi uygulamalar\u201d standard\u0131nda yap\u0131lmas\u0131 gerekir. Uluslararas\u0131 talimatlara g\u00f6re yap\u0131lan sa\u011fl\u0131k kontrollerinin d\u00fc\u015f\u00fck profilli ve formalite tarz\u0131nda yap\u0131lmas\u0131, sa\u011fl\u0131k bilinci y\u00fcksek u\u00e7u\u015f ve yer ekiplerini de, havayolu \u015firketlerini de, u\u00e7u\u015f hekimlerini de tatmin etmez.<\/p>\n<p>Derne\u011fimizin \u201cAeMC \u00c7al\u0131\u015fma Grubu\u201d, bir s\u00fcredir \u00fczerinde \u00e7al\u0131\u015ft\u0131\u011f\u0131 bu sorunla ilgili g\u00f6r\u00fc\u015flerini bir rapora d\u00f6n\u00fc\u015ft\u00fcrm\u00fc\u015f ve \u015fu \u00f6neriyi getirmi\u015ftir: <strong>Havac\u0131l\u0131k Sa\u011fl\u0131k Muayene usulleriyle ilgili standartlar ve muayene taban fiyatlar\u0131 Sivil Havac\u0131l\u0131k Genel M\u00fcd\u00fcrl\u00fc\u011f\u00fc taraf\u0131ndan belirlenmeli, AeMC\u2019lerin Havac\u0131l\u0131k El Kitaplar\u0131na da girmelidir. Taban fiyatlar i\u00e7in referans, T\u00fcrk Tabipleri Birli\u011fi Hekim muayene ve tedavi \u00fccret tarifeleri olmal\u0131d\u0131r.<\/strong><\/p>\n<p>Dernek Y\u00f6netim Kurulumuz, AeMC \u00c7al\u0131\u015fma Grubunun bu \u00f6nerisini yerinde g\u00f6rm\u00fc\u015f, SHGM ile e\u015fg\u00fcd\u00fcm i\u00e7inde \u00e7al\u0131\u015f\u0131larak \u201cHavac\u0131l\u0131k Muayeneleri Taban Fiyat Tarifesinin\u201d belirlenmesi ve her y\u0131lba\u015f\u0131nda g\u00fcncellenerek yay\u0131nlanmas\u0131 karar\u0131 alm\u0131\u015f bulunmaktad\u0131r. Tarife a\u015fa\u011f\u0131dad\u0131r.<\/p>\n<p>&nbsp;<\/p>\n<p><a href=\"https:\/\/www.hvtd.org\/wp-content\/uploads\/2025\/12\/2026-1-Donem-Fiyat-Listesi.xlsx\">2026 Y\u0131l\u0131 (1 Ocak &#8211; 30 Haziran) Havac\u0131l\u0131k T\u0131p Merkezi (AeMC) Havac\u0131 Sa\u011fl\u0131k Muayenesi Taban Fiyat Listesi ( excel )<\/a><\/p>\n<p>&nbsp;<\/p>\n<p>&nbsp;<\/p>\n<p>&nbsp;<\/p>\n","protected":false},"excerpt":{"rendered":"<p>Havac\u0131l\u0131k T\u0131bb\u0131 Derne\u011fi olarak; havac\u0131l\u0131k personeli sa\u011fl\u0131k kontrol\u00fcnde kaliteden tasarruf edilemeyece\u011fini; serbest piyasa usullerince kaba rekabet ve anormal fiyat indirimlerinin u\u00e7u\u015f emniyeti i\u00e7in risk unsuru oldu\u011funu d\u00fc\u015f\u00fcnmekteyiz. Havac\u0131l\u0131k sa\u011fl\u0131k muayenelerinin \u201cen iyi t\u0131bbi uygulamalar\u201d standard\u0131nda yap\u0131lmas\u0131 gerekir. Uluslararas\u0131 talimatlara g\u00f6re yap\u0131lan sa\u011fl\u0131k kontrollerinin d\u00fc\u015f\u00fck profilli ve formalite tarz\u0131nda yap\u0131lmas\u0131, sa\u011fl\u0131k bilinci y\u00fcksek u\u00e7u\u015f ve yer ekiplerini de, havayolu \u015firketlerini de, [&hellip;]<\/p>\n","protected":false},"author":1,"featured_media":0,"parent":0,"menu_order":0,"comment_status":"closed","ping_status":"closed","template":"","meta":{"_eb_attr":"","footnotes":""},"class_list":["post-3196","page","type-page","status-publish","hentry"],"jetpack_sharing_enabled":true,"jetpack-related-posts":[],"_links":{"self":[{"href":"https:\/\/www.hvtd.org\/index.php?rest_route=\/wp\/v2\/pages\/3196","targetHints":{"allow":["GET"]}}],"collection":[{"href":"https:\/\/www.hvtd.org\/index.php?rest_route=\/wp\/v2\/pages"}],"about":[{"href":"https:\/\/www.hvtd.org\/index.php?rest_route=\/wp\/v2\/types\/page"}],"author":[{"embeddable":true,"href":"https:\/\/www.hvtd.org\/index.php?rest_route=\/wp\/v2\/users\/1"}],"replies":[{"embeddable":true,"href":"https:\/\/www.hvtd.org\/index.php?rest_route=%2Fwp%2Fv2%2Fcomments&post=3196"}],"version-history":[{"count":29,"href":"https:\/\/www.hvtd.org\/index.php?rest_route=\/wp\/v2\/pages\/3196\/revisions"}],"predecessor-version":[{"id":3982,"href":"https:\/\/www.hvtd.org\/index.php?rest_route=\/wp\/v2\/pages\/3196\/revisions\/3982"}],"wp:attachment":[{"href":"https:\/\/www.hvtd.org\/index.php?rest_route=%2Fwp%2Fv2%2Fmedia&parent=3196"}],"curies":[{"name":"wp","href":"https:\/\/api.w.org\/{rel}","templated":true}]}}